{"id":737,"date":"2018-02-07T14:17:47","date_gmt":"2018-02-07T13:17:47","guid":{"rendered":"http:\/\/www.mediterraneachartersud.com\/?page_id=737"},"modified":"2018-03-16T16:23:12","modified_gmt":"2018-03-16T15:23:12","slug":"corso-di-vela-napoli","status":"publish","type":"page","link":"https:\/\/www.mediterraneachartersud.com\/en\/servizi\/corso-di-vela-napoli\/","title":{"rendered":"Corso di vela"},"content":{"rendered":"<div class=\"wpb-content-wrapper\"><p>[vc_row type=&#8221;full_width_section&#8221;][vc_column width=&#8221;1\/4&#8243;][vc_widget_sidebar sidebar_id=&#8221;cs-1&#8243;][\/vc_column][vc_column width=&#8221;3\/4&#8243;]<h3>Corsi di vela d\u2019altura<\/h3><div class=\"title-block7\"><\/div>[vc_column_text]<\/p>\n<h4 style=\"color: #2a3077;\">I corsi vela si suddividono in:<\/h4>\n<p>\u2022 Fase di Avvicinamento;\u00a0\u00a0\u00a0\u2022 Fase di Perfezionamento;<\/p>\n<p>Ogni corso di vela ha la durata di circa un mese e si articola in 6 lezioni teorico\/pratiche direttamente a bordo delle imbarcazioni di 13mt dellaMediterranea Charter con timone a ruota.<br \/>\nAi partecipanti del corso viene rilasciato un piccolo glossario nautico.<br \/>\nLe 6 uscite in mare hanno la durata di 3 ore ciascuna.<br \/>\nOgni corso \u00e8 composto da un numero minimo di 5 partecipanti.<br \/>\nIl punto di partenza per le uscite \u00e8 la banchina di Mergellina Molo (SNAV).<\/p>\n<p>Le uscite in mare sono effettuate durante il fine settimana, di sabato e di domenica, questo perch\u00e9 con una cadenza pi\u00f9 ravvicinata e un corso pi\u00f9 intensivo le lezioni pratiche vengono assimilate con maggiore rapidit\u00e0.<\/p>\n<p>Per chi volesse continuare a praticare la vela anche dopo il corso, una volta finito il perfezionamento \u00e8 possibile essere inseriti in una mailing list con i nomi degli interessati che sar\u00e0 segnalata agli armatori come potenziale equipaggio per le regate.[\/vc_column_text][vc_column_text]<strong>Quota di partecipazione ai corsi di vela d\u2019altura:<\/strong><br \/>\n\u2022 <strong>corso di vela \u2018Avvicinamento\u2019 \u2013 250 euro<\/strong>\u00a0<em>(6 lezioni teorico pratiche di circa 3 ore)<\/em><br \/>\n\u2022 <strong>corso di vela \u2018Perfezionamento\u2019 \u2013 250 euro<\/strong>\u00a0<em>(6 lezioni teorico pratiche di circa 3 ore)<\/em><\/p>\n<p>E\u2019 obbligatorio, per partecipare ai corsi, presentare un certificato medico di sana e robusta costituzione e di idoneit\u00e0 a svolgere attivit\u00e0 sportiva di tipo non agonistico.[\/vc_column_text][vc_row_inner][vc_column_inner width=&#8221;2\/3&#8243;][vc_column_text]<\/p>\n<h4 style=\"color: #2a3077;\">Prima fase del corso: L\u2019Avvicinamento<\/h4>\n<p>La nomenclatura, lo scafo, manovre fisse, manovre correnti, le vele, armo dell\u2019imbarcazione, la bussola, la rosa dei venti, le varie andature, il vento reale \u2013 vento apparente, virata in prua ed in poppa, gli errori di virata in prora e in poppa, criteri base per regolare le vele, i nodi fondamentali, manovre di sicurezza per l\u2019adeguamento della velatura, il motore, gli impianti di bordo e i problemi pi\u00f9 frequenti, previsioni meteorologiche con l\u2019osservazione delle nubi e del barometro, dove si ascoltano e come si interpretano i meteo, come ci si ormeggia in rada e nei porti, come si riconoscono fari e fanali, le precedenze, pratica di navigazione, timone, manovre, l\u2019organizzazione dell\u2019equipaggio per l\u2019ormeggio.[\/vc_column_text][\/vc_column_inner][vc_column_inner width=&#8221;1\/3&#8243;][vc_video link=&#8221;https:\/\/youtu.be\/vkbFAJ64gWk&#8221;][\/vc_column_inner][\/vc_row_inner][vc_column_text]<\/p>\n<h4 style=\"color: #2a3077;\">Seconda fase del corso: Il Perfezionamento<\/h4>\n<p>Sempre in perfetta sinergia con il gruppo e l\u2019istruttore, ci si adoperer\u00e0 per arrivare ad imparare a condurre l\u2019imbarcazione in autonomia, perfezionando e approfondendo gli argomenti svolti nel primo livello, con l\u2019intento d\u2019acquisire una maggiore sensibilit\u00e0 al timone e alle manovre, maggiore senso di responsabilit\u00e0 e maggiore capacit\u00e0 decisionale per dirigere con sicurezza sia l\u2019imbarcazione che l\u2019equipaggio. Il programma prevede, armo e regolazione dell\u2019albero e delle vele, preparativi per affrontare tempo e mare perturbati nella massima sicurezza, assetto della barca con vento forte e relative procedure, dotazioni di sicurezza e loro uso, presa dei terzaroli, cappa secca e filante, navigazione costiera, lettura ed interpretazione delle carte nautiche, i rilevamenti e le rotte con l\u2019ausilio di GPS plotter cartografico, le precedenze, utilizzo delle attrezzature radio-elettriche di bordo, meteorologia base, calcolo delle autonomie, recupero uomo in mare, elementi base di pronto soccorso.[\/vc_column_text][vc_empty_space height=&#8221;50px&#8221;][vc_gallery type=&#8221;image_grid&#8221; images=&#8221;738,739,740,741,742,743,744,745,746,747,748,749,750,751,752,753,754,755,756&#8243;][\/vc_column][\/vc_row]<\/p>\n<\/div>","protected":false},"excerpt":{"rendered":"<p>[vc_row type=&#8221;full_width_section&#8221;][vc_column width=&#8221;1\/4&#8243;][vc_widget_sidebar sidebar_id=&#8221;cs-1&#8243;][\/vc_column][vc_column width=&#8221;3\/4&#8243;][vc_column_text] I corsi vela si suddividono in: \u2022 Fase di Avvicinamento;\u00a0\u00a0\u00a0\u2022 Fase di Perfezionamento; Ogni corso di vela ha la durata di circa un mese e si articola in 6 lezioni teorico\/pratiche direttamente a bordo delle imbarcazioni di 13mt dellaMediterranea Charter con timone a ruota. Ai partecipanti del corso viene rilasciato<\/p>\n","protected":false},"author":1,"featured_media":0,"parent":691,"menu_order":-90,"comment_status":"closed","ping_status":"closed","template":"","meta":{"footnotes":""},"class_list":["post-737","page","type-page","status-publish","hentry"],"yoast_head":"<!-- This site is optimized with the Yoast SEO plugin v27.0 - https:\/\/yoast.com\/product\/yoast-seo-wordpress\/ -->\n<title>Corsi Vela Napoli | Scuola di Vela | Patente Nautica<\/title>\n<meta name=\"description\" content=\"Napoli - Corsi vela su imbarcazioni d&#039;altura, Patente nautica a vela. Avvicinamento e perfezionamento alla vela. Lezioni di conduzione barche a vela\" \/>\n<meta name=\"robots\" content=\"index, follow, max-snippet:-1, max-image-preview:large, max-video-preview:-1\" \/>\n<link rel=\"canonical\" href=\"https:\/\/www.mediterraneachartersud.com\/servizi\/corso-di-vela-napoli\/\" \/>\n<meta property=\"og:locale\" content=\"en_US\" \/>\n<meta property=\"og:type\" content=\"article\" \/>\n<meta property=\"og:title\" content=\"Corsi Vela Napoli | Scuola di Vela | Patente Nautica\" \/>\n<meta property=\"og:description\" content=\"Napoli - Corsi vela su imbarcazioni d&#039;altura, Patente nautica a vela. Avvicinamento e perfezionamento alla vela. Lezioni di conduzione barche a vela\" \/>\n<meta property=\"og:url\" content=\"https:\/\/www.mediterraneachartersud.com\/servizi\/corso-di-vela-napoli\/\" \/>\n<meta property=\"og:site_name\" content=\"Mediterranea Charter Sud\" \/>\n<meta property=\"article:publisher\" content=\"https:\/\/www.facebook.com\/vacanze.barca.vela\" \/>\n<meta property=\"article:modified_time\" content=\"2018-03-16T15:23:12+00:00\" \/>\n<meta name=\"twitter:label1\" content=\"Est. reading time\" \/>\n\t<meta name=\"twitter:data1\" content=\"3 minutes\" \/>\n<script type=\"application\/ld+json\" class=\"yoast-schema-graph\">{\"@context\":\"https:\/\/schema.org\",\"@graph\":[{\"@type\":\"WebPage\",\"@id\":\"https:\/\/www.mediterraneachartersud.com\/servizi\/corso-di-vela-napoli\/\",\"url\":\"https:\/\/www.mediterraneachartersud.com\/servizi\/corso-di-vela-napoli\/\",\"name\":\"Corsi Vela Napoli | Scuola di Vela | Patente Nautica\",\"isPartOf\":{\"@id\":\"https:\/\/www.mediterraneachartersud.com\/#website\"},\"datePublished\":\"2018-02-07T13:17:47+00:00\",\"dateModified\":\"2018-03-16T15:23:12+00:00\",\"description\":\"Napoli - Corsi vela su imbarcazioni d'altura, Patente nautica a vela. Avvicinamento e perfezionamento alla vela. Lezioni di conduzione barche a vela\",\"breadcrumb\":{\"@id\":\"https:\/\/www.mediterraneachartersud.com\/servizi\/corso-di-vela-napoli\/#breadcrumb\"},\"inLanguage\":\"en-US\",\"potentialAction\":[{\"@type\":\"ReadAction\",\"target\":[\"https:\/\/www.mediterraneachartersud.com\/servizi\/corso-di-vela-napoli\/\"]}]},{\"@type\":\"BreadcrumbList\",\"@id\":\"https:\/\/www.mediterraneachartersud.com\/servizi\/corso-di-vela-napoli\/#breadcrumb\",\"itemListElement\":[{\"@type\":\"ListItem\",\"position\":1,\"name\":\"Home\",\"item\":\"https:\/\/www.mediterraneachartersud.com\/\"},{\"@type\":\"ListItem\",\"position\":2,\"name\":\"Servizi\",\"item\":\"https:\/\/www.mediterraneachartersud.com\/servizi\/\"},{\"@type\":\"ListItem\",\"position\":3,\"name\":\"Corso di vela\"}]},{\"@type\":\"WebSite\",\"@id\":\"https:\/\/www.mediterraneachartersud.com\/#website\",\"url\":\"https:\/\/www.mediterraneachartersud.com\/\",\"name\":\"Mediterranea Charter Sud\",\"description\":\"Noleggio barche a vela a Napoli\",\"potentialAction\":[{\"@type\":\"SearchAction\",\"target\":{\"@type\":\"EntryPoint\",\"urlTemplate\":\"https:\/\/www.mediterraneachartersud.com\/?s={search_term_string}\"},\"query-input\":{\"@type\":\"PropertyValueSpecification\",\"valueRequired\":true,\"valueName\":\"search_term_string\"}}],\"inLanguage\":\"en-US\"}]}<\/script>\n<!-- \/ Yoast SEO plugin. -->","yoast_head_json":{"title":"Corsi Vela Napoli | Scuola di Vela | Patente Nautica","description":"Napoli - Corsi vela su imbarcazioni d'altura, Patente nautica a vela. Avvicinamento e perfezionamento alla vela. Lezioni di conduzione barche a vela","robots":{"index":"index","follow":"follow","max-snippet":"max-snippet:-1","max-image-preview":"max-image-preview:large","max-video-preview":"max-video-preview:-1"},"canonical":"https:\/\/www.mediterraneachartersud.com\/servizi\/corso-di-vela-napoli\/","og_locale":"en_US","og_type":"article","og_title":"Corsi Vela Napoli | Scuola di Vela | Patente Nautica","og_description":"Napoli - Corsi vela su imbarcazioni d'altura, Patente nautica a vela. Avvicinamento e perfezionamento alla vela. Lezioni di conduzione barche a vela","og_url":"https:\/\/www.mediterraneachartersud.com\/servizi\/corso-di-vela-napoli\/","og_site_name":"Mediterranea Charter Sud","article_publisher":"https:\/\/www.facebook.com\/vacanze.barca.vela","article_modified_time":"2018-03-16T15:23:12+00:00","twitter_misc":{"Est. reading time":"3 minutes"},"schema":{"@context":"https:\/\/schema.org","@graph":[{"@type":"WebPage","@id":"https:\/\/www.mediterraneachartersud.com\/servizi\/corso-di-vela-napoli\/","url":"https:\/\/www.mediterraneachartersud.com\/servizi\/corso-di-vela-napoli\/","name":"Corsi Vela Napoli | Scuola di Vela | Patente Nautica","isPartOf":{"@id":"https:\/\/www.mediterraneachartersud.com\/#website"},"datePublished":"2018-02-07T13:17:47+00:00","dateModified":"2018-03-16T15:23:12+00:00","description":"Napoli - Corsi vela su imbarcazioni d'altura, Patente nautica a vela. Avvicinamento e perfezionamento alla vela. Lezioni di conduzione barche a vela","breadcrumb":{"@id":"https:\/\/www.mediterraneachartersud.com\/servizi\/corso-di-vela-napoli\/#breadcrumb"},"inLanguage":"en-US","potentialAction":[{"@type":"ReadAction","target":["https:\/\/www.mediterraneachartersud.com\/servizi\/corso-di-vela-napoli\/"]}]},{"@type":"BreadcrumbList","@id":"https:\/\/www.mediterraneachartersud.com\/servizi\/corso-di-vela-napoli\/#breadcrumb","itemListElement":[{"@type":"ListItem","position":1,"name":"Home","item":"https:\/\/www.mediterraneachartersud.com\/"},{"@type":"ListItem","position":2,"name":"Servizi","item":"https:\/\/www.mediterraneachartersud.com\/servizi\/"},{"@type":"ListItem","position":3,"name":"Corso di vela"}]},{"@type":"WebSite","@id":"https:\/\/www.mediterraneachartersud.com\/#website","url":"https:\/\/www.mediterraneachartersud.com\/","name":"Mediterranea Charter Sud","description":"Noleggio barche a vela a Napoli","potentialAction":[{"@type":"SearchAction","target":{"@type":"EntryPoint","urlTemplate":"https:\/\/www.mediterraneachartersud.com\/?s={search_term_string}"},"query-input":{"@type":"PropertyValueSpecification","valueRequired":true,"valueName":"search_term_string"}}],"inLanguage":"en-US"}]}},"_links":{"self":[{"href":"https:\/\/www.mediterraneachartersud.com\/en\/wp-json\/wp\/v2\/pages\/737","targetHints":{"allow":["GET"]}}],"collection":[{"href":"https:\/\/www.mediterraneachartersud.com\/en\/wp-json\/wp\/v2\/pages"}],"about":[{"href":"https:\/\/www.mediterraneachartersud.com\/en\/wp-json\/wp\/v2\/types\/page"}],"author":[{"embeddable":true,"href":"https:\/\/www.mediterraneachartersud.com\/en\/wp-json\/wp\/v2\/users\/1"}],"replies":[{"embeddable":true,"href":"https:\/\/www.mediterraneachartersud.com\/en\/wp-json\/wp\/v2\/comments?post=737"}],"version-history":[{"count":3,"href":"https:\/\/www.mediterraneachartersud.com\/en\/wp-json\/wp\/v2\/pages\/737\/revisions"}],"predecessor-version":[{"id":759,"href":"https:\/\/www.mediterraneachartersud.com\/en\/wp-json\/wp\/v2\/pages\/737\/revisions\/759"}],"up":[{"embeddable":true,"href":"https:\/\/www.mediterraneachartersud.com\/en\/wp-json\/wp\/v2\/pages\/691"}],"wp:attachment":[{"href":"https:\/\/www.mediterraneachartersud.com\/en\/wp-json\/wp\/v2\/media?parent=737"}],"curies":[{"name":"wp","href":"https:\/\/api.w.org\/{rel}","templated":true}]}}