{"id":1057,"date":"2018-03-13T16:57:16","date_gmt":"2018-03-13T15:57:16","guid":{"rendered":"http:\/\/www.mediterraneachartersud.com\/?page_id=1057"},"modified":"2018-03-18T17:50:40","modified_gmt":"2018-03-18T16:50:40","slug":"costiera-amalfitana","status":"publish","type":"page","link":"https:\/\/www.mediterraneachartersud.com\/en\/costiera-amalfitana\/","title":{"rendered":"Costiera Amalfitana in Barca a Vela"},"content":{"rendered":"<div class=\"wpb-content-wrapper\"><p>[vc_row type=&#8221;full_width_section&#8221;][vc_column width=&#8221;1\/4&#8243;][vc_widget_sidebar sidebar_id=&#8221;cs-1&#8243;][\/vc_column][vc_column width=&#8221;3\/4&#8243;]<h3>Costiera Amalfitana in Barca a Vela<\/h3><div class=\"title-block7\"><\/div>[vc_column_text]<\/p>\n<h2>Amalfi \u2013 Costiera Amalfitana \u2013 Salerno<\/h2>\n<p>La\u00a0<strong>Costiera Amalfitana<\/strong>\u00a0comprende le zone litoranee che vanno da\u00a0<strong>Vietri<\/strong>\u00a0sul Mare fino a\u00a0<strong>Positano<\/strong>\u00a0e paesi interni, lungo un percorso di 50 chilometri circa, la Costiera Amalfitana \u00e8 denominata anche Costa d\u2019Amalfi, Divina Costiera ed Amalfi Coast. I Comuni compresi lungo la costa e immediatamente a ridosso sono:\u00a0<strong>Vietri sul Mare, Cetara, Maiori, Minori, Tramonti, Ravello, Scala, Atrani, Amalfi, Agerola, Conca dei Marini, Furore, Praiano e Positano.<\/strong>\u00a0 E\u2019 stata abitata sin dalla notte dei tempi, vari siti dai resti preistorici testimoniano ci\u00f2, anche se nel periodo preistorico dell\u2019avvento dell\u2019agricoltura la Costiera era quasi o totalmente disabitata, successivamente sono stati per primi gli Etruschi a Vietri sul Mare.<br \/>\n<img loading=\"lazy\" decoding=\"async\" class=\"alignright size-medium wp-image-498\" src=\"https:\/\/www.mediterraneachartersud.com\/wp-content\/uploads\/2018\/03\/Interno-Duomo-Amalfi1-300x225.jpg\" alt=\"Interno Duomo Amalfi\" width=\"300\" height=\"225\" \/><br \/>\nIl massimo splendore della Costiera si \u00e8 avuto in epoca dell\u2019antica Roma dove in varie localit\u00e0 i patrizi romani decidevano di stabilire la loro residenza, cosicch\u00e8 numerose ville sono sparse un po\u2019 in tutta la Costiera; successivamente un secondo periodo di importanza storica si \u00e8 avuto con la Repubblica di Amalfi, Repubblica Marinara insieme a Pisa, Genova e Venezia, storia che tuttora viene rivissuta ogni anno con le famose Regate, storica manifestazione folkloristica famosa in tutto il mondo.<\/p>\n<p>La Divina Costiera \u00e8 una delle localit\u00e0 pi\u00f9 ambite da genti di tutto il mondo, basta citare Positano, Amalfi, Ravello, luoghi dalle superbe bellezze paesaggistiche, oltre che scrigni colmi di storia, I paesi della Costiera Amalfitana sono meta otre che di turisti, anche di artisti, meta sia di persone in cerca di mare sole e pace che di giovani alla ricerca di divertimento e vita notturna.<\/p>\n<p>Visita le immagini del nostro\u00a0<em><strong><a title=\"Canale YouTube MCSud - La Costiera Amalfitana\" href=\"http:\/\/www.youtube.com\/watch?v=ziYPK6kKW7A&amp;list=PL9C_WTiIOFzFDBEbwiZD1iFsZyE_CLHeg&amp;feature=share\" target=\"_blank\" rel=\"noopener\">Canale YouTube<\/a><\/strong><\/em><\/p>\n<p>Amalfi con il Duomo ed il suo chiostro (Chiostro paradiso);<\/p>\n<p>Atrani con le chiese di San Salvatore del Birecto e di Santa Maria Maddalena;<\/p>\n<p><img loading=\"lazy\" decoding=\"async\" class=\"alignleft size-medium wp-image-494\" src=\"https:\/\/www.mediterraneachartersud.com\/wp-content\/uploads\/2018\/03\/Amalfi_Piazza_del_Duomo_Italy_21-225x300.jpg\" alt=\"Amalfi_Piazza_del_Duomo_Italy_2\" width=\"225\" height=\"300\" \/><\/p>\n<p>Cetara, il paese della colatura di alici;<\/p>\n<p>Conca dei Marini; il paese della sfogliatella, con la sua Grotta dello Smeraldo di rara bellezza e la Chiesa di San Pancrazio col suo Belvedere;<\/p>\n<p>Corbara il paese del pomodorino<\/p>\n<p>Furore con un piccolo fiordo;<\/p>\n<p>Maiori con la Collegiata di Santa Maria a mare ed il Castello di San Nicola de Thoro Plano;<\/p>\n<p>Minori con la Basilica di Santa Trofimena e la Villa romana;<\/p>\n<p>Positano con la Chiesa dell\u2019Assunta ed il suggestivo centro storico;<\/p>\n<p>Praiano con le chiese di San Luca e San Gennaro ed i relativi Belvedere;<\/p>\n<p>Sant\u2019Egidio del Monte Albino con il suo Centro Storico;<\/p>\n<p>Scala il paese pi\u00f9 antico della Costiera Amalfitana;<\/p>\n<p><img loading=\"lazy\" decoding=\"async\" class=\"alignleft size-medium wp-image-493\" src=\"https:\/\/www.mediterraneachartersud.com\/wp-content\/uploads\/2018\/03\/Amalfi_sea_view_Italy-300x225.jpg\" alt=\"Amalfi_sea_view_Italy\" width=\"300\" height=\"225\" \/><\/p>\n<p>Vietri sul Mare nota in tutto il mondo per l\u2019antica tradizione ceramica.<\/p>\n<p>Tali comuni inoltre insieme a Corbara e a Sant\u2019Egidio del Monte Albino,sono riuniti insieme nella Comunit\u00e0 Montana Penisola Amalfitana.<\/p>\n<p>&nbsp;<\/p>\n<p><a href=\"http:\/\/www.youtube.com\/watch?v=ziYPK6kKW7A&amp;list=PL9C_WTiIOFzFDBEbwiZD1iFsZyE_CLHeg&amp;feature=share\" target=\"_blank\" rel=\"noopener\">Visita il nostro canale YouTube<\/a>[\/vc_column_text][vc_empty_space height=&#8221;50px&#8221;][\/vc_column][\/vc_row][vc_row][vc_column][vc_column_text][\/vc_column_text][\/vc_column][\/vc_row]<\/p>\n<\/div>","protected":false},"excerpt":{"rendered":"<p>[vc_row type=&#8221;full_width_section&#8221;][vc_column width=&#8221;1\/4&#8243;][vc_widget_sidebar sidebar_id=&#8221;cs-1&#8243;][\/vc_column][vc_column width=&#8221;3\/4&#8243;][vc_column_text] Amalfi \u2013 Costiera Amalfitana \u2013 Salerno La\u00a0Costiera Amalfitana\u00a0comprende le zone litoranee che vanno da\u00a0Vietri\u00a0sul Mare fino a\u00a0Positano\u00a0e paesi interni, lungo un percorso di 50 chilometri circa, la Costiera Amalfitana \u00e8 denominata anche Costa d\u2019Amalfi, Divina Costiera ed Amalfi Coast. I Comuni compresi lungo la costa e immediatamente a ridosso sono:\u00a0Vietri<\/p>\n","protected":false},"author":1,"featured_media":0,"parent":0,"menu_order":-80,"comment_status":"closed","ping_status":"closed","template":"","meta":{"footnotes":""},"class_list":["post-1057","page","type-page","status-publish","hentry"],"yoast_head":"<!-- This site is optimized with the Yoast SEO plugin v27.0 - https:\/\/yoast.com\/product\/yoast-seo-wordpress\/ -->\n<title>Costiera Amalfitana in Barca a Vela - Mediterranea Charter Sud<\/title>\n<meta name=\"robots\" content=\"index, follow, max-snippet:-1, max-image-preview:large, max-video-preview:-1\" \/>\n<link rel=\"canonical\" href=\"https:\/\/www.mediterraneachartersud.com\/en\/costiera-amalfitana\/\" \/>\n<meta property=\"og:locale\" content=\"en_US\" \/>\n<meta property=\"og:type\" content=\"article\" \/>\n<meta property=\"og:title\" content=\"Costiera Amalfitana in Barca a Vela - Mediterranea Charter Sud\" \/>\n<meta property=\"og:description\" content=\"[vc_row type=&#8221;full_width_section&#8221;][vc_column width=&#8221;1\/4&#8243;][vc_widget_sidebar sidebar_id=&#8221;cs-1&#8243;][\/vc_column][vc_column width=&#8221;3\/4&#8243;][vc_column_text] Amalfi \u2013 Costiera Amalfitana \u2013 Salerno La\u00a0Costiera Amalfitana\u00a0comprende le zone litoranee che vanno da\u00a0Vietri\u00a0sul Mare fino a\u00a0Positano\u00a0e paesi interni, lungo un percorso di 50 chilometri circa, la Costiera Amalfitana \u00e8 denominata anche Costa d\u2019Amalfi, Divina Costiera ed Amalfi Coast. I Comuni compresi lungo la costa e immediatamente a ridosso sono:\u00a0Vietri\" \/>\n<meta property=\"og:url\" content=\"https:\/\/www.mediterraneachartersud.com\/en\/costiera-amalfitana\/\" \/>\n<meta property=\"og:site_name\" content=\"Mediterranea Charter Sud\" \/>\n<meta property=\"article:publisher\" content=\"https:\/\/www.facebook.com\/vacanze.barca.vela\" \/>\n<meta property=\"article:modified_time\" content=\"2018-03-18T16:50:40+00:00\" \/>\n<meta name=\"twitter:label1\" content=\"Est. reading time\" \/>\n\t<meta name=\"twitter:data1\" content=\"5 minutes\" \/>\n<script type=\"application\/ld+json\" class=\"yoast-schema-graph\">{\"@context\":\"https:\/\/schema.org\",\"@graph\":[{\"@type\":\"WebPage\",\"@id\":\"https:\/\/www.mediterraneachartersud.com\/en\/costiera-amalfitana\/\",\"url\":\"https:\/\/www.mediterraneachartersud.com\/en\/costiera-amalfitana\/\",\"name\":\"Costiera Amalfitana in Barca a Vela - Mediterranea Charter Sud\",\"isPartOf\":{\"@id\":\"https:\/\/www.mediterraneachartersud.com\/#website\"},\"primaryImageOfPage\":{\"@id\":\"https:\/\/www.mediterraneachartersud.com\/en\/costiera-amalfitana\/#primaryimage\"},\"image\":{\"@id\":\"https:\/\/www.mediterraneachartersud.com\/en\/costiera-amalfitana\/#primaryimage\"},\"thumbnailUrl\":\"https:\/\/www.mediterraneachartersud.com\/wp-content\/uploads\/2018\/03\/Interno-Duomo-Amalfi1-300x225.jpg\",\"datePublished\":\"2018-03-13T15:57:16+00:00\",\"dateModified\":\"2018-03-18T16:50:40+00:00\",\"breadcrumb\":{\"@id\":\"https:\/\/www.mediterraneachartersud.com\/en\/costiera-amalfitana\/#breadcrumb\"},\"inLanguage\":\"en-US\",\"potentialAction\":[{\"@type\":\"ReadAction\",\"target\":[\"https:\/\/www.mediterraneachartersud.com\/en\/costiera-amalfitana\/\"]}]},{\"@type\":\"ImageObject\",\"inLanguage\":\"en-US\",\"@id\":\"https:\/\/www.mediterraneachartersud.com\/en\/costiera-amalfitana\/#primaryimage\",\"url\":\"https:\/\/www.mediterraneachartersud.com\/wp-content\/uploads\/2018\/03\/Interno-Duomo-Amalfi1-300x225.jpg\",\"contentUrl\":\"https:\/\/www.mediterraneachartersud.com\/wp-content\/uploads\/2018\/03\/Interno-Duomo-Amalfi1-300x225.jpg\"},{\"@type\":\"BreadcrumbList\",\"@id\":\"https:\/\/www.mediterraneachartersud.com\/en\/costiera-amalfitana\/#breadcrumb\",\"itemListElement\":[{\"@type\":\"ListItem\",\"position\":1,\"name\":\"Home\",\"item\":\"https:\/\/www.mediterraneachartersud.com\/\"},{\"@type\":\"ListItem\",\"position\":2,\"name\":\"Costiera Amalfitana in Barca a Vela\"}]},{\"@type\":\"WebSite\",\"@id\":\"https:\/\/www.mediterraneachartersud.com\/#website\",\"url\":\"https:\/\/www.mediterraneachartersud.com\/\",\"name\":\"Mediterranea Charter Sud\",\"description\":\"Noleggio barche a vela a Napoli\",\"potentialAction\":[{\"@type\":\"SearchAction\",\"target\":{\"@type\":\"EntryPoint\",\"urlTemplate\":\"https:\/\/www.mediterraneachartersud.com\/?s={search_term_string}\"},\"query-input\":{\"@type\":\"PropertyValueSpecification\",\"valueRequired\":true,\"valueName\":\"search_term_string\"}}],\"inLanguage\":\"en-US\"}]}<\/script>\n<!-- \/ Yoast SEO plugin. -->","yoast_head_json":{"title":"Costiera Amalfitana in Barca a Vela - Mediterranea Charter Sud","robots":{"index":"index","follow":"follow","max-snippet":"max-snippet:-1","max-image-preview":"max-image-preview:large","max-video-preview":"max-video-preview:-1"},"canonical":"https:\/\/www.mediterraneachartersud.com\/en\/costiera-amalfitana\/","og_locale":"en_US","og_type":"article","og_title":"Costiera Amalfitana in Barca a Vela - Mediterranea Charter Sud","og_description":"[vc_row type=&#8221;full_width_section&#8221;][vc_column width=&#8221;1\/4&#8243;][vc_widget_sidebar sidebar_id=&#8221;cs-1&#8243;][\/vc_column][vc_column width=&#8221;3\/4&#8243;][vc_column_text] Amalfi \u2013 Costiera Amalfitana \u2013 Salerno La\u00a0Costiera Amalfitana\u00a0comprende le zone litoranee che vanno da\u00a0Vietri\u00a0sul Mare fino a\u00a0Positano\u00a0e paesi interni, lungo un percorso di 50 chilometri circa, la Costiera Amalfitana \u00e8 denominata anche Costa d\u2019Amalfi, Divina Costiera ed Amalfi Coast. I Comuni compresi lungo la costa e immediatamente a ridosso sono:\u00a0Vietri","og_url":"https:\/\/www.mediterraneachartersud.com\/en\/costiera-amalfitana\/","og_site_name":"Mediterranea Charter Sud","article_publisher":"https:\/\/www.facebook.com\/vacanze.barca.vela","article_modified_time":"2018-03-18T16:50:40+00:00","twitter_misc":{"Est. reading time":"5 minutes"},"schema":{"@context":"https:\/\/schema.org","@graph":[{"@type":"WebPage","@id":"https:\/\/www.mediterraneachartersud.com\/en\/costiera-amalfitana\/","url":"https:\/\/www.mediterraneachartersud.com\/en\/costiera-amalfitana\/","name":"Costiera Amalfitana in Barca a Vela - Mediterranea Charter Sud","isPartOf":{"@id":"https:\/\/www.mediterraneachartersud.com\/#website"},"primaryImageOfPage":{"@id":"https:\/\/www.mediterraneachartersud.com\/en\/costiera-amalfitana\/#primaryimage"},"image":{"@id":"https:\/\/www.mediterraneachartersud.com\/en\/costiera-amalfitana\/#primaryimage"},"thumbnailUrl":"https:\/\/www.mediterraneachartersud.com\/wp-content\/uploads\/2018\/03\/Interno-Duomo-Amalfi1-300x225.jpg","datePublished":"2018-03-13T15:57:16+00:00","dateModified":"2018-03-18T16:50:40+00:00","breadcrumb":{"@id":"https:\/\/www.mediterraneachartersud.com\/en\/costiera-amalfitana\/#breadcrumb"},"inLanguage":"en-US","potentialAction":[{"@type":"ReadAction","target":["https:\/\/www.mediterraneachartersud.com\/en\/costiera-amalfitana\/"]}]},{"@type":"ImageObject","inLanguage":"en-US","@id":"https:\/\/www.mediterraneachartersud.com\/en\/costiera-amalfitana\/#primaryimage","url":"https:\/\/www.mediterraneachartersud.com\/wp-content\/uploads\/2018\/03\/Interno-Duomo-Amalfi1-300x225.jpg","contentUrl":"https:\/\/www.mediterraneachartersud.com\/wp-content\/uploads\/2018\/03\/Interno-Duomo-Amalfi1-300x225.jpg"},{"@type":"BreadcrumbList","@id":"https:\/\/www.mediterraneachartersud.com\/en\/costiera-amalfitana\/#breadcrumb","itemListElement":[{"@type":"ListItem","position":1,"name":"Home","item":"https:\/\/www.mediterraneachartersud.com\/"},{"@type":"ListItem","position":2,"name":"Costiera Amalfitana in Barca a Vela"}]},{"@type":"WebSite","@id":"https:\/\/www.mediterraneachartersud.com\/#website","url":"https:\/\/www.mediterraneachartersud.com\/","name":"Mediterranea Charter Sud","description":"Noleggio barche a vela a Napoli","potentialAction":[{"@type":"SearchAction","target":{"@type":"EntryPoint","urlTemplate":"https:\/\/www.mediterraneachartersud.com\/?s={search_term_string}"},"query-input":{"@type":"PropertyValueSpecification","valueRequired":true,"valueName":"search_term_string"}}],"inLanguage":"en-US"}]}},"_links":{"self":[{"href":"https:\/\/www.mediterraneachartersud.com\/en\/wp-json\/wp\/v2\/pages\/1057","targetHints":{"allow":["GET"]}}],"collection":[{"href":"https:\/\/www.mediterraneachartersud.com\/en\/wp-json\/wp\/v2\/pages"}],"about":[{"href":"https:\/\/www.mediterraneachartersud.com\/en\/wp-json\/wp\/v2\/types\/page"}],"author":[{"embeddable":true,"href":"https:\/\/www.mediterraneachartersud.com\/en\/wp-json\/wp\/v2\/users\/1"}],"replies":[{"embeddable":true,"href":"https:\/\/www.mediterraneachartersud.com\/en\/wp-json\/wp\/v2\/comments?post=1057"}],"version-history":[{"count":2,"href":"https:\/\/www.mediterraneachartersud.com\/en\/wp-json\/wp\/v2\/pages\/1057\/revisions"}],"predecessor-version":[{"id":1128,"href":"https:\/\/www.mediterraneachartersud.com\/en\/wp-json\/wp\/v2\/pages\/1057\/revisions\/1128"}],"wp:attachment":[{"href":"https:\/\/www.mediterraneachartersud.com\/en\/wp-json\/wp\/v2\/media?parent=1057"}],"curies":[{"name":"wp","href":"https:\/\/api.w.org\/{rel}","templated":true}]}}