{"id":1043,"date":"2018-03-13T16:44:08","date_gmt":"2018-03-13T15:44:08","guid":{"rendered":"http:\/\/www.mediterraneachartersud.com\/?page_id=1043"},"modified":"2018-03-13T16:48:46","modified_gmt":"2018-03-13T15:48:46","slug":"noleggio-barca-vela-procida","status":"publish","type":"page","link":"https:\/\/www.mediterraneachartersud.com\/en\/noleggio-barca-vela-procida\/","title":{"rendered":"Procida in Barca a Vela"},"content":{"rendered":"<div class=\"wpb-content-wrapper\"><p>[vc_row type=&#8221;full_width_section&#8221;][vc_column width=&#8221;1\/4&#8243;][vc_widget_sidebar sidebar_id=&#8221;cs-1&#8243;][\/vc_column][vc_column width=&#8221;3\/4&#8243;]<h3>Procida in Barca a Vela \u2013 Napoli<\/h3><div class=\"title-block7\"><\/div>[vc_column_text]<\/p>\n<h2>Procida \u2013 Isole Campane \u2013 Napoli<\/h2>\n<p><img loading=\"lazy\" decoding=\"async\" class=\"alignleft size-thumbnail wp-image-515\" src=\"https:\/\/www.mediterraneachartersud.com\/wp-content\/uploads\/2018\/03\/Procida_terra_murata-150x150.jpg\" alt=\"Procida_terra_murata\" width=\"150\" height=\"150\" \/><\/p>\n<p align=\"LEFT\">La pittoresca baia della Marina Corricella \u00e8 un\u2019esplosione di colori: i suoi pescherecci, e le caratteristiche case dell\u2019architettura mediterranea fanno di essa uno dei luoghi pi\u00f9 fotografati nel mondo. Terra Murata \u00e8 la parte pi\u00f9 antica dell\u2019isola da esplorare con una piacevole passeggiata a piedi. La chiesa dell\u2019Abbazia di San Michele ha un piccolo museo pieno di libri antichi, vestimenti religiosi e scene di nativit\u00e0. Procida ha una tradizione marittima molto forte; la cucina locale \u00e8 eccellente ed una serie di stradine rende piacevole la visita ai luoghi pi\u00f9 isolati. Procida ha molte belle spiagge,<\/p>\n<p><img loading=\"lazy\" decoding=\"async\" class=\"alignright size-medium wp-image-514\" src=\"https:\/\/www.mediterraneachartersud.com\/wp-content\/uploads\/2018\/03\/Procida-Corricella-300x225.jpg\" alt=\"Procida - Corricella\" width=\"300\" height=\"225\" \/>come la Chiaia, la Chiaiolella e il Pozzo Vecchio. Intorno all\u2019isola ci sono baie altrettanto belle specialmente nelle aree della Chiaia, del Pozzo Vecchio e dell\u2019isola di Vivara; quest\u2019ultima \u00e8 collegata a Procida attraverso un ponte ed \u00e8 un\u2019area protetta con molte specie di uccelli migratori. L\u2019accesso a Vivara non \u00e8 consentito, tuttavia \u00e8 piacevole circumnavigarla in barca. La cucina locale \u00e8 eccellente con una notevole scelta di piatti ai frutti di mare di ortaggi locali, frutta, vino, ed il famoso liquore \u201climoncello\u201d fatto con limoni dell\u2019isola. Il \u201cconiglio alla cacciatora\u201d \u00e8 una specialit\u00e0 procidana\u2026 una vera tentazione per il palato! Ci sono molti ristoranti lungo il porto principale di Marina Grande, di Marina Corricella con vedute particolarmente incantevoli. Altri ristoranti tipici si trovano anche lungo le spiagge dell\u2019isola.<\/p>\n<p align=\"LEFT\"><b>Cucina e prodotti tipici<\/b><\/p>\n<p align=\"LEFT\">Nella cucina procidana fanno da padrone i prodotti della terra (in particolare carciofi e limoni) e del mare.<\/p>\n<p><img loading=\"lazy\" decoding=\"async\" class=\"alignleft size-medium wp-image-512\" src=\"https:\/\/www.mediterraneachartersud.com\/wp-content\/uploads\/2018\/03\/Corricella_Tramonto-300x225.jpg\" alt=\"Corricella_Tramonto\" width=\"300\" height=\"225\" \/><\/p>\n<p align=\"LEFT\">Il limone procidano ha la particolarit\u00e0 di essere molto grande, poco acre e con l\u2019albedo (la parte bianca compresa tra la buccia e la polpa) molto sviluppata. Uno dei piatti pi\u00f9 particolari in cui viene utilizzato questo prodotto \u00e8 la tradizionale insalata di limoni, fatta con limoni di Procida a tocchetti, aglio, olio, peperoncino, sale e menta. Ottima anche la produzione del classico limoncello.<\/p>\n<p align=\"LEFT\">Molto particolare anche la pasta detta pescatora povera, nella quale si utilizzano peperoncini verdi fritti ed alici.<\/p>\n<p><img loading=\"lazy\" decoding=\"async\" class=\"alignright size-medium wp-image-513\" src=\"https:\/\/www.mediterraneachartersud.com\/wp-content\/uploads\/2018\/03\/Piazzetta_di_Procida-300x225.jpg\" alt=\"Piazzetta_di_Procida\" width=\"300\" height=\"225\" \/><\/p>\n<p align=\"LEFT\">Tra i dolci della tradizione troviamo il casatiello dolce, una sorta di ciambella tipicamente pasquale lievitata con il lievito madre solitamente utilizzato per il pane. Pi\u00f9 moderna invece \u00e8 la lingua, un dolce composto da pasta sfoglia ripiena di crema pasticcera e ricoperto di zucchero.<\/p>\n<p align=\"LEFT\">Negli ultimi anni, infine, sono sorte diverse sagre paesane durante le quali \u00e8 possibile assaporare piatti tipici e bere il vino locale; tra quelle di maggior successo la \u201cSagra del Vino\u201d, a novembre.<\/p>\n<p>[\/vc_column_text][vc_empty_space height=&#8221;50px&#8221;][\/vc_column][\/vc_row][vc_row][vc_column][vc_column_text][\/vc_column_text][\/vc_column][\/vc_row]<\/p>\n<\/div>","protected":false},"excerpt":{"rendered":"<p>[vc_row type=&#8221;full_width_section&#8221;][vc_column width=&#8221;1\/4&#8243;][vc_widget_sidebar sidebar_id=&#8221;cs-1&#8243;][\/vc_column][vc_column width=&#8221;3\/4&#8243;][vc_column_text] Procida \u2013 Isole Campane \u2013 Napoli La pittoresca baia della Marina Corricella \u00e8 un\u2019esplosione di colori: i suoi pescherecci, e le caratteristiche case dell\u2019architettura mediterranea fanno di essa uno dei luoghi pi\u00f9 fotografati nel mondo. Terra Murata \u00e8 la parte pi\u00f9 antica dell\u2019isola da esplorare con una piacevole passeggiata a<\/p>\n","protected":false},"author":1,"featured_media":0,"parent":0,"menu_order":-80,"comment_status":"closed","ping_status":"closed","template":"","meta":{"footnotes":""},"class_list":["post-1043","page","type-page","status-publish","hentry"],"yoast_head":"<!-- This site is optimized with the Yoast SEO plugin v27.0 - https:\/\/yoast.com\/product\/yoast-seo-wordpress\/ -->\n<title>Procida in Barca a Vela - Mediterranea Charter Sud<\/title>\n<meta name=\"robots\" content=\"index, follow, max-snippet:-1, max-image-preview:large, max-video-preview:-1\" \/>\n<link rel=\"canonical\" href=\"https:\/\/www.mediterraneachartersud.com\/en\/noleggio-barca-vela-procida\/\" \/>\n<meta property=\"og:locale\" content=\"en_US\" \/>\n<meta property=\"og:type\" content=\"article\" \/>\n<meta property=\"og:title\" content=\"Procida in Barca a Vela - Mediterranea Charter Sud\" \/>\n<meta property=\"og:description\" content=\"[vc_row type=&#8221;full_width_section&#8221;][vc_column width=&#8221;1\/4&#8243;][vc_widget_sidebar sidebar_id=&#8221;cs-1&#8243;][\/vc_column][vc_column width=&#8221;3\/4&#8243;][vc_column_text] Procida \u2013 Isole Campane \u2013 Napoli La pittoresca baia della Marina Corricella \u00e8 un\u2019esplosione di colori: i suoi pescherecci, e le caratteristiche case dell\u2019architettura mediterranea fanno di essa uno dei luoghi pi\u00f9 fotografati nel mondo. Terra Murata \u00e8 la parte pi\u00f9 antica dell\u2019isola da esplorare con una piacevole passeggiata a\" \/>\n<meta property=\"og:url\" content=\"https:\/\/www.mediterraneachartersud.com\/en\/noleggio-barca-vela-procida\/\" \/>\n<meta property=\"og:site_name\" content=\"Mediterranea Charter Sud\" \/>\n<meta property=\"article:publisher\" content=\"https:\/\/www.facebook.com\/vacanze.barca.vela\" \/>\n<meta property=\"article:modified_time\" content=\"2018-03-13T15:48:46+00:00\" \/>\n<meta name=\"twitter:label1\" content=\"Est. reading time\" \/>\n\t<meta name=\"twitter:data1\" content=\"2 minutes\" \/>\n<script type=\"application\/ld+json\" class=\"yoast-schema-graph\">{\"@context\":\"https:\/\/schema.org\",\"@graph\":[{\"@type\":\"WebPage\",\"@id\":\"https:\/\/www.mediterraneachartersud.com\/en\/noleggio-barca-vela-procida\/\",\"url\":\"https:\/\/www.mediterraneachartersud.com\/en\/noleggio-barca-vela-procida\/\",\"name\":\"Procida in Barca a Vela - Mediterranea Charter Sud\",\"isPartOf\":{\"@id\":\"https:\/\/www.mediterraneachartersud.com\/#website\"},\"primaryImageOfPage\":{\"@id\":\"https:\/\/www.mediterraneachartersud.com\/en\/noleggio-barca-vela-procida\/#primaryimage\"},\"image\":{\"@id\":\"https:\/\/www.mediterraneachartersud.com\/en\/noleggio-barca-vela-procida\/#primaryimage\"},\"thumbnailUrl\":\"https:\/\/www.mediterraneachartersud.com\/wp-content\/uploads\/2018\/03\/Procida_terra_murata-150x150.jpg\",\"datePublished\":\"2018-03-13T15:44:08+00:00\",\"dateModified\":\"2018-03-13T15:48:46+00:00\",\"breadcrumb\":{\"@id\":\"https:\/\/www.mediterraneachartersud.com\/en\/noleggio-barca-vela-procida\/#breadcrumb\"},\"inLanguage\":\"en-US\",\"potentialAction\":[{\"@type\":\"ReadAction\",\"target\":[\"https:\/\/www.mediterraneachartersud.com\/en\/noleggio-barca-vela-procida\/\"]}]},{\"@type\":\"ImageObject\",\"inLanguage\":\"en-US\",\"@id\":\"https:\/\/www.mediterraneachartersud.com\/en\/noleggio-barca-vela-procida\/#primaryimage\",\"url\":\"https:\/\/www.mediterraneachartersud.com\/wp-content\/uploads\/2018\/03\/Procida_terra_murata-150x150.jpg\",\"contentUrl\":\"https:\/\/www.mediterraneachartersud.com\/wp-content\/uploads\/2018\/03\/Procida_terra_murata-150x150.jpg\"},{\"@type\":\"BreadcrumbList\",\"@id\":\"https:\/\/www.mediterraneachartersud.com\/en\/noleggio-barca-vela-procida\/#breadcrumb\",\"itemListElement\":[{\"@type\":\"ListItem\",\"position\":1,\"name\":\"Home\",\"item\":\"https:\/\/www.mediterraneachartersud.com\/\"},{\"@type\":\"ListItem\",\"position\":2,\"name\":\"Procida in Barca a Vela\"}]},{\"@type\":\"WebSite\",\"@id\":\"https:\/\/www.mediterraneachartersud.com\/#website\",\"url\":\"https:\/\/www.mediterraneachartersud.com\/\",\"name\":\"Mediterranea Charter Sud\",\"description\":\"Noleggio barche a vela a Napoli\",\"potentialAction\":[{\"@type\":\"SearchAction\",\"target\":{\"@type\":\"EntryPoint\",\"urlTemplate\":\"https:\/\/www.mediterraneachartersud.com\/?s={search_term_string}\"},\"query-input\":{\"@type\":\"PropertyValueSpecification\",\"valueRequired\":true,\"valueName\":\"search_term_string\"}}],\"inLanguage\":\"en-US\"}]}<\/script>\n<!-- \/ Yoast SEO plugin. -->","yoast_head_json":{"title":"Procida in Barca a Vela - Mediterranea Charter Sud","robots":{"index":"index","follow":"follow","max-snippet":"max-snippet:-1","max-image-preview":"max-image-preview:large","max-video-preview":"max-video-preview:-1"},"canonical":"https:\/\/www.mediterraneachartersud.com\/en\/noleggio-barca-vela-procida\/","og_locale":"en_US","og_type":"article","og_title":"Procida in Barca a Vela - Mediterranea Charter Sud","og_description":"[vc_row type=&#8221;full_width_section&#8221;][vc_column width=&#8221;1\/4&#8243;][vc_widget_sidebar sidebar_id=&#8221;cs-1&#8243;][\/vc_column][vc_column width=&#8221;3\/4&#8243;][vc_column_text] Procida \u2013 Isole Campane \u2013 Napoli La pittoresca baia della Marina Corricella \u00e8 un\u2019esplosione di colori: i suoi pescherecci, e le caratteristiche case dell\u2019architettura mediterranea fanno di essa uno dei luoghi pi\u00f9 fotografati nel mondo. Terra Murata \u00e8 la parte pi\u00f9 antica dell\u2019isola da esplorare con una piacevole passeggiata a","og_url":"https:\/\/www.mediterraneachartersud.com\/en\/noleggio-barca-vela-procida\/","og_site_name":"Mediterranea Charter Sud","article_publisher":"https:\/\/www.facebook.com\/vacanze.barca.vela","article_modified_time":"2018-03-13T15:48:46+00:00","twitter_misc":{"Est. reading time":"2 minutes"},"schema":{"@context":"https:\/\/schema.org","@graph":[{"@type":"WebPage","@id":"https:\/\/www.mediterraneachartersud.com\/en\/noleggio-barca-vela-procida\/","url":"https:\/\/www.mediterraneachartersud.com\/en\/noleggio-barca-vela-procida\/","name":"Procida in Barca a Vela - Mediterranea Charter Sud","isPartOf":{"@id":"https:\/\/www.mediterraneachartersud.com\/#website"},"primaryImageOfPage":{"@id":"https:\/\/www.mediterraneachartersud.com\/en\/noleggio-barca-vela-procida\/#primaryimage"},"image":{"@id":"https:\/\/www.mediterraneachartersud.com\/en\/noleggio-barca-vela-procida\/#primaryimage"},"thumbnailUrl":"https:\/\/www.mediterraneachartersud.com\/wp-content\/uploads\/2018\/03\/Procida_terra_murata-150x150.jpg","datePublished":"2018-03-13T15:44:08+00:00","dateModified":"2018-03-13T15:48:46+00:00","breadcrumb":{"@id":"https:\/\/www.mediterraneachartersud.com\/en\/noleggio-barca-vela-procida\/#breadcrumb"},"inLanguage":"en-US","potentialAction":[{"@type":"ReadAction","target":["https:\/\/www.mediterraneachartersud.com\/en\/noleggio-barca-vela-procida\/"]}]},{"@type":"ImageObject","inLanguage":"en-US","@id":"https:\/\/www.mediterraneachartersud.com\/en\/noleggio-barca-vela-procida\/#primaryimage","url":"https:\/\/www.mediterraneachartersud.com\/wp-content\/uploads\/2018\/03\/Procida_terra_murata-150x150.jpg","contentUrl":"https:\/\/www.mediterraneachartersud.com\/wp-content\/uploads\/2018\/03\/Procida_terra_murata-150x150.jpg"},{"@type":"BreadcrumbList","@id":"https:\/\/www.mediterraneachartersud.com\/en\/noleggio-barca-vela-procida\/#breadcrumb","itemListElement":[{"@type":"ListItem","position":1,"name":"Home","item":"https:\/\/www.mediterraneachartersud.com\/"},{"@type":"ListItem","position":2,"name":"Procida in Barca a Vela"}]},{"@type":"WebSite","@id":"https:\/\/www.mediterraneachartersud.com\/#website","url":"https:\/\/www.mediterraneachartersud.com\/","name":"Mediterranea Charter Sud","description":"Noleggio barche a vela a Napoli","potentialAction":[{"@type":"SearchAction","target":{"@type":"EntryPoint","urlTemplate":"https:\/\/www.mediterraneachartersud.com\/?s={search_term_string}"},"query-input":{"@type":"PropertyValueSpecification","valueRequired":true,"valueName":"search_term_string"}}],"inLanguage":"en-US"}]}},"_links":{"self":[{"href":"https:\/\/www.mediterraneachartersud.com\/en\/wp-json\/wp\/v2\/pages\/1043","targetHints":{"allow":["GET"]}}],"collection":[{"href":"https:\/\/www.mediterraneachartersud.com\/en\/wp-json\/wp\/v2\/pages"}],"about":[{"href":"https:\/\/www.mediterraneachartersud.com\/en\/wp-json\/wp\/v2\/types\/page"}],"author":[{"embeddable":true,"href":"https:\/\/www.mediterraneachartersud.com\/en\/wp-json\/wp\/v2\/users\/1"}],"replies":[{"embeddable":true,"href":"https:\/\/www.mediterraneachartersud.com\/en\/wp-json\/wp\/v2\/comments?post=1043"}],"version-history":[{"count":3,"href":"https:\/\/www.mediterraneachartersud.com\/en\/wp-json\/wp\/v2\/pages\/1043\/revisions"}],"predecessor-version":[{"id":1050,"href":"https:\/\/www.mediterraneachartersud.com\/en\/wp-json\/wp\/v2\/pages\/1043\/revisions\/1050"}],"wp:attachment":[{"href":"https:\/\/www.mediterraneachartersud.com\/en\/wp-json\/wp\/v2\/media?parent=1043"}],"curies":[{"name":"wp","href":"https:\/\/api.w.org\/{rel}","templated":true}]}}